{"id":961,"date":"2020-11-23T11:35:49","date_gmt":"2020-11-23T10:35:49","guid":{"rendered":"http:\/\/www.kalprotektin.kbsd.hr\/?page_id=961"},"modified":"2020-11-27T03:56:00","modified_gmt":"2020-11-27T02:56:00","slug":"pravila-privatnosti","status":"publish","type":"page","link":"https:\/\/www.kalprotektin.kbsd.hr\/?page_id=961","title":{"rendered":"Pravila privatnosti"},"content":{"rendered":"\t\t<div data-elementor-type=\"wp-page\" data-elementor-id=\"961\" class=\"elementor elementor-961\" data-elementor-settings=\"[]\">\n\t\t\t\t\t\t<div class=\"elementor-inner\">\n\t\t\t\t\t\t\t<div class=\"elementor-section-wrap\">\n\t\t\t\t\t\t\t<section class=\"elementor-section elementor-top-section elementor-element elementor-element-e5dcd08 elementor-section-height-min-height elementor-section-content-middle she-header-yes elementor-reverse-mobile elementor-section-boxed elementor-section-height-default elementor-section-items-middle elementor-invisible\" data-id=\"e5dcd08\" data-element_type=\"section\" data-settings=\"{&quot;background_background&quot;:&quot;classic&quot;,&quot;transparent&quot;:&quot;yes&quot;,&quot;scroll_distance&quot;:{&quot;unit&quot;:&quot;px&quot;,&quot;size&quot;:&quot;&quot;,&quot;sizes&quot;:[]},&quot;animation&quot;:&quot;fadeIn&quot;,&quot;transparent_on&quot;:[&quot;desktop&quot;,&quot;tablet&quot;,&quot;mobile&quot;],&quot;scroll_distance_tablet&quot;:{&quot;unit&quot;:&quot;px&quot;,&quot;size&quot;:&quot;&quot;,&quot;sizes&quot;:[]},&quot;scroll_distance_mobile&quot;:{&quot;unit&quot;:&quot;px&quot;,&quot;size&quot;:&quot;&quot;,&quot;sizes&quot;:[]}}\">\n\t\t\t\t\t\t<div class=\"elementor-container elementor-column-gap-default\">\n\t\t\t\t\t\t\t<div class=\"elementor-row\">\n\t\t\t\t\t<div class=\"elementor-column elementor-col-25 elementor-top-column elementor-element elementor-element-6cdfc676\" data-id=\"6cdfc676\" data-element_type=\"column\">\n\t\t\t<div class=\"elementor-column-wrap elementor-element-populated\">\n\t\t\t\t\t\t\t<div class=\"elementor-widget-wrap\">\n\t\t\t\t\t\t<div class=\"elementor-element elementor-element-4fb090d2 elementor-widget elementor-widget-image\" data-id=\"4fb090d2\" data-element_type=\"widget\" data-widget_type=\"image.default\">\n\t\t\t\t<div class=\"elementor-widget-container\">\n\t\t\t\t\t<div class=\"elementor-image\">\n\t\t\t\t\t\t\t\t\t\t<img width=\"560\" height=\"130\" src=\"https:\/\/www.kalprotektin.kbsd.hr\/wp-content\/uploads\/2020\/11\/Kalprotektin-logo-560px-Wide-WhiteTxt.png\" class=\"attachment-large size-large\" alt=\"\" loading=\"lazy\" srcset=\"https:\/\/www.kalprotektin.kbsd.hr\/wp-content\/uploads\/2020\/11\/Kalprotektin-logo-560px-Wide-WhiteTxt.png 560w, https:\/\/www.kalprotektin.kbsd.hr\/wp-content\/uploads\/2020\/11\/Kalprotektin-logo-560px-Wide-WhiteTxt-300x70.png 300w\" sizes=\"(max-width: 560px) 100vw, 560px\" \/>\t\t\t\t\t\t\t\t\t\t\t<\/div>\n\t\t\t\t<\/div>\n\t\t\t\t<\/div>\n\t\t\t\t\t\t<\/div>\n\t\t\t\t\t<\/div>\n\t\t<\/div>\n\t\t\t\t<div class=\"elementor-column elementor-col-25 elementor-top-column elementor-element elementor-element-523648a3\" data-id=\"523648a3\" data-element_type=\"column\">\n\t\t\t<div class=\"elementor-column-wrap\">\n\t\t\t\t\t\t\t<div class=\"elementor-widget-wrap\">\n\t\t\t\t\t\t\t\t<\/div>\n\t\t\t\t\t<\/div>\n\t\t<\/div>\n\t\t\t\t<div class=\"elementor-column elementor-col-50 elementor-top-column elementor-element elementor-element-4bfb3940\" data-id=\"4bfb3940\" data-element_type=\"column\">\n\t\t\t<div class=\"elementor-column-wrap elementor-element-populated\">\n\t\t\t\t\t\t\t<div class=\"elementor-widget-wrap\">\n\t\t\t\t\t\t<div class=\"elementor-element elementor-element-3ef5480c elementor-align-right elementor-mobile-align-center elementor-widget elementor-widget-button\" data-id=\"3ef5480c\" data-element_type=\"widget\" data-widget_type=\"button.default\">\n\t\t\t\t<div class=\"elementor-widget-container\">\n\t\t\t\t\t<div class=\"elementor-button-wrapper\">\n\t\t\t<a href=\"https:\/\/www.kalprotektin.kbsd.hr\/\" class=\"elementor-button-link elementor-button elementor-size-sm\" role=\"button\">\n\t\t\t\t\t\t<span class=\"elementor-button-content-wrapper\">\n\t\t\t\t\t\t<span class=\"elementor-button-text\">Povratak na stranicu<\/span>\n\t\t<\/span>\n\t\t\t\t\t<\/a>\n\t\t<\/div>\n\t\t\t\t<\/div>\n\t\t\t\t<\/div>\n\t\t\t\t\t\t<\/div>\n\t\t\t\t\t<\/div>\n\t\t<\/div>\n\t\t\t\t\t\t\t\t<\/div>\n\t\t\t\t\t<\/div>\n\t\t<\/section>\n\t\t\t\t<section class=\"elementor-section elementor-top-section elementor-element elementor-element-a4f8792 elementor-section-boxed elementor-section-height-default elementor-section-height-default\" data-id=\"a4f8792\" data-element_type=\"section\">\n\t\t\t\t\t\t<div class=\"elementor-container elementor-column-gap-default\">\n\t\t\t\t\t\t\t<div class=\"elementor-row\">\n\t\t\t\t\t<div class=\"elementor-column elementor-col-100 elementor-top-column elementor-element elementor-element-a633f85\" data-id=\"a633f85\" data-element_type=\"column\">\n\t\t\t<div class=\"elementor-column-wrap elementor-element-populated\">\n\t\t\t\t\t\t\t<div class=\"elementor-widget-wrap\">\n\t\t\t\t\t\t<div class=\"elementor-element elementor-element-d944910 elementor-widget elementor-widget-heading\" data-id=\"d944910\" data-element_type=\"widget\" data-widget_type=\"heading.default\">\n\t\t\t\t<div class=\"elementor-widget-container\">\n\t\t\t<h2 class=\"elementor-heading-title elementor-size-default\">Politika privatnosti i kola\u010di\u0107i<\/h2>\t\t<\/div>\n\t\t\t\t<\/div>\n\t\t\t\t<div class=\"elementor-element elementor-element-3f5746f elementor-widget elementor-widget-heading\" data-id=\"3f5746f\" data-element_type=\"widget\" data-widget_type=\"heading.default\">\n\t\t\t\t<div class=\"elementor-widget-container\">\n\t\t\t<h2 class=\"elementor-heading-title elementor-size-default\">Ova pravila o kola\u010di\u0107ima obja\u0161njavaju \u0161to su kola\u010di\u0107i i kako ih koristimo, vrste kola\u010di\u0107a koje koristimo, tj. podatke koje prikupljamo pomo\u0107u kola\u010di\u0107a i kako se te informacije koriste i kako kontrolirati postavke kola\u010di\u0107a. Ovdje mo\u017eete saznati dodatne informacije o tome kako koristimo, pohranjujemo i \u010duvamo va\u0161e osobne podatke. U bilo kojem trenutku mo\u017eete promijeniti ili povu\u0107i svoj pristanak iz Izjave o kola\u010di\u0107ima na na\u0161oj web stranici. Vi\u0161e o tome tko smo, kako nas mo\u017eete kontaktirati i kako obra\u0111ujemo osobne podatke saznajte u nastavku teksta.<br><br>Va\u0161 pristanak odnosi se na domenu www.kalprotektin.kbsd.hr<\/h2>\t\t<\/div>\n\t\t\t\t<\/div>\n\t\t\t\t<div class=\"elementor-element elementor-element-aa2b2ea elementor-widget elementor-widget-heading\" data-id=\"aa2b2ea\" data-element_type=\"widget\" data-widget_type=\"heading.default\">\n\t\t\t\t<div class=\"elementor-widget-container\">\n\t\t\t<h2 class=\"elementor-heading-title elementor-size-default\">\u0160to su kola\u010di\u0107i?<\/h2>\t\t<\/div>\n\t\t\t\t<\/div>\n\t\t\t\t<div class=\"elementor-element elementor-element-c5c3d28 elementor-widget elementor-widget-heading\" data-id=\"c5c3d28\" data-element_type=\"widget\" data-widget_type=\"heading.default\">\n\t\t\t\t<div class=\"elementor-widget-container\">\n\t\t\t<h2 class=\"elementor-heading-title elementor-size-default\">Kola\u010di\u0107 je dio informacija spremljenih na va\u0161e ra\u010dunalo, tablet ili mobitel, koje mogu biti dostavljene neposredno od strane mre\u017ene stranice koju posjetite (kola\u010di\u0107i od prve strane) ili u suradnji i za potrebe vanjskih mre\u017enih stranica (kola\u010di\u0107i tre\u0107e strane). Kola\u010di\u0107e koje generira na\u0161a web stranica ne razlikuju se od onih koje koriste i gotovo sve druge mre\u017ene stranice.<br><br>Kola\u010di\u0107i u pravilu spremaju va\u0161e postavke, postavke web stranica i sl. Nakon \u0161to opet otvorite web stranicu, Va\u0161 preglednik u\u010ditava podatke iz kola\u010di\u0107a koji pripadaju toj mre\u017enoj stranici. To omogu\u0107uje stranici da se prika\u017ee na \u017eeljeni na\u010din ili prizove informacije prilago\u0111ene Va\u0161im potrebama. Kola\u010di\u0107i mogu imati \u0161irok raspon informacija, uklju\u010duju\u0107i i dio osobnih informacija. Takve informacije mogu biti spremljene jedino ako Vi to omogu\u0107ite. Sama web stranica ne mo\u017ee dobiti pristup informacijama koje im niste dali te ne mogu pristupiti niti jednoj drugoj datoteci na Va\u0161em ra\u010dunalu, tabletu ili mobitelu.<\/h2>\t\t<\/div>\n\t\t\t\t<\/div>\n\t\t\t\t<div class=\"elementor-element elementor-element-8269f0e elementor-widget elementor-widget-heading\" data-id=\"8269f0e\" data-element_type=\"widget\" data-widget_type=\"heading.default\">\n\t\t\t\t<div class=\"elementor-widget-container\">\n\t\t\t<h2 class=\"elementor-heading-title elementor-size-default\">Kako koristimo kola\u010di\u0107e?<\/h2>\t\t<\/div>\n\t\t\t\t<\/div>\n\t\t\t\t<div class=\"elementor-element elementor-element-463c144 elementor-widget elementor-widget-heading\" data-id=\"463c144\" data-element_type=\"widget\" data-widget_type=\"heading.default\">\n\t\t\t\t<div class=\"elementor-widget-container\">\n\t\t\t<h2 class=\"elementor-heading-title elementor-size-default\">Kao i ve\u0107ina internetskih usluga, na\u0161a web stranica koristi kola\u010di\u0107e prve i tre\u0107e strane u nekoliko svrha. Kola\u010di\u0107i prve strane uglavnom su potrebni da bi web stranica funkcionirala na pravi na\u010din i oni ne prikupljaju nikakve va\u0161e osobne podatke. <br><br>Kola\u010di\u0107i tre\u0107ih strana koji se koriste na na\u0161oj web stranici uglavnom slu\u017ee za razumijevanje funkcioniranja web stranice, komuniciranja s na\u0161om web stranicom. Tako\u0111er slu\u017ei kako biste za\u0161titili na\u0161e usluge, pru\u017eili informacije koje su relevantne za vas, i to sve s ciljem pru\u017eanja boljeg i pobolj\u0161anog korisni\u010dkog iskustva i interakcije s na\u0161om web stranicom.<\/h2>\t\t<\/div>\n\t\t\t\t<\/div>\n\t\t\t\t<div class=\"elementor-element elementor-element-07d861a elementor-widget elementor-widget-heading\" data-id=\"07d861a\" data-element_type=\"widget\" data-widget_type=\"heading.default\">\n\t\t\t\t<div class=\"elementor-widget-container\">\n\t\t\t<h2 class=\"elementor-heading-title elementor-size-default\">Koje tipove kola\u010di\u0107a koristimo?<\/h2>\t\t<\/div>\n\t\t\t\t<\/div>\n\t\t\t\t<div class=\"elementor-element elementor-element-bf8982f elementor-widget elementor-widget-heading\" data-id=\"bf8982f\" data-element_type=\"widget\" data-widget_type=\"heading.default\">\n\t\t\t\t<div class=\"elementor-widget-container\">\n\t\t\t<h2 class=\"elementor-heading-title elementor-size-default\"><b>Bitno<\/b>: Neki su kola\u010di\u0107i neophodni da biste mogli iskusiti potpunu funkcionalnost na\u0161e stranice. Omogu\u0107uju nam odr\u017eavanje korisni\u010dkih sesija i spre\u010davanje bilo kakvih sigurnosnih prijetnji. Ne prikupljaju i ne pohranjuju nikakve osobne podatke.<br><br><b>Statistika:<\/b> Ovi kola\u010di\u0107i pohranjuju podatke poput broja posjetitelja web mjesta, broja jedinstvenih posjetitelja, koje su stranice web mjesta posje\u0107ene, izvora posjeta itd. Ti nam podaci poma\u017eu da shvatimo i analiziramo koliko dobro web stranica radi i tamo gdje treba pobolj\u0161anje.<br><br><b>Funkcionalno:<\/b> To su kola\u010di\u0107i koji poma\u017eu odre\u0111enim manje bitnim funkcijama na na\u0161oj web stranici. Te funkcionalnosti uklju\u010duju ugra\u0111ivanje sadr\u017eaja poput videozapisa ili dijeljenje sadr\u017eaja web stranice na platformama dru\u0161tvenih medija.<br><br><b>Postavke:<\/b> Ovi kola\u010di\u0107i poma\u017eu nam da pohranimo va\u0161e postavke i postavke pregledavanja kako biste imali bolje i u\u010dinkovitije iskustvo u budu\u0107im posjetima web stranici.<\/h2>\t\t<\/div>\n\t\t\t\t<\/div>\n\t\t\t\t<div class=\"elementor-element elementor-element-f28b454 elementor-widget elementor-widget-heading\" data-id=\"f28b454\" data-element_type=\"widget\" data-widget_type=\"heading.default\">\n\t\t\t\t<div class=\"elementor-widget-container\">\n\t\t\t<h2 class=\"elementor-heading-title elementor-size-default\">Promjena odobrenja kola\u010di\u0107a<\/h2>\t\t<\/div>\n\t\t\t\t<\/div>\n\t\t\t\t<div class=\"elementor-element elementor-element-962a5e7 elementor-widget elementor-widget-heading\" data-id=\"962a5e7\" data-element_type=\"widget\" data-widget_type=\"heading.default\">\n\t\t\t\t<div class=\"elementor-widget-container\">\n\t\t\t<h2 class=\"elementor-heading-title elementor-size-default\">Ako kasnije tijekom daljnjeg pregledavanja odlu\u010dite promijeniti svoje postavke, mo\u017eete dnu zaslona kliknuti povezicu \u201cPolitika privatnosti\u201d. Ovo \u0107e ponovno prikazati obavijest o pristanku koja vam omogu\u0107uje da promijenite postavke.<br><br>Uz to, razli\u010diti preglednici na Va\u0161em ra\u010dunalu, tabletu ili mobilnom ure\u0111aju nude razli\u010dite metode za blokiranje i brisanje kola\u010di\u0107a koje koriste web stranice. Mo\u017eete promijeniti postavke svog preglednika kako biste blokirali ili izbrisali kola\u010di\u0107e.<\/h2>\t\t<\/div>\n\t\t\t\t<\/div>\n\t\t\t\t\t\t<\/div>\n\t\t\t\t\t<\/div>\n\t\t<\/div>\n\t\t\t\t\t\t\t\t<\/div>\n\t\t\t\t\t<\/div>\n\t\t<\/section>\n\t\t\t\t<section class=\"elementor-section elementor-top-section elementor-element elementor-element-6f623035 elementor-section-boxed elementor-section-height-default elementor-section-height-default\" data-id=\"6f623035\" data-element_type=\"section\" data-settings=\"{&quot;background_background&quot;:&quot;classic&quot;}\">\n\t\t\t\t\t\t<div class=\"elementor-container elementor-column-gap-default\">\n\t\t\t\t\t\t\t<div class=\"elementor-row\">\n\t\t\t\t\t<div class=\"elementor-column elementor-col-100 elementor-top-column elementor-element elementor-element-2cdcf3ec\" data-id=\"2cdcf3ec\" data-element_type=\"column\">\n\t\t\t<div class=\"elementor-column-wrap elementor-element-populated\">\n\t\t\t\t\t\t\t<div class=\"elementor-widget-wrap\">\n\t\t\t\t\t\t<div class=\"elementor-element elementor-element-2791a567 elementor-widget elementor-widget-heading\" data-id=\"2791a567\" data-element_type=\"widget\" data-widget_type=\"heading.default\">\n\t\t\t\t<div class=\"elementor-widget-container\">\n\t\t\t<h2 class=\"elementor-heading-title elementor-size-default\">Sadr\u017eaj ove web stranice isklju\u010diva je odgovornost Klini\u010dke bolnice \"Sveti Duh\"<\/h2>\t\t<\/div>\n\t\t\t\t<\/div>\n\t\t\t\t<div class=\"elementor-element elementor-element-7e5654c6 elementor-widget elementor-widget-copyright\" data-id=\"7e5654c6\" data-element_type=\"widget\" data-widget_type=\"copyright.default\">\n\t\t\t\t<div class=\"elementor-widget-container\">\n\t\t\t\t\t<div class=\"hfe-copyright-wrapper\">\n\t\t\t\t\t\t\t<span>Copyright \u00a9 2026   Klini\u010dka bolnica \"Sveti Duh\"<\/span>\n\t\t\t\t\t<\/div>\n\t\t\t\t<\/div>\n\t\t\t\t<\/div>\n\t\t\t\t\t\t<\/div>\n\t\t\t\t\t<\/div>\n\t\t<\/div>\n\t\t\t\t\t\t\t\t<\/div>\n\t\t\t\t\t<\/div>\n\t\t<\/section>\n\t\t\t\t\t\t<\/div>\n\t\t\t\t\t\t<\/div>\n\t\t\t\t\t<\/div>\n\t\t","protected":false},"excerpt":{"rendered":"<p>Povratak na stranicu Politika privatnosti i kola\u010di\u0107i Ova pravila o kola\u010di\u0107ima obja\u0161njavaju \u0161to su kola\u010di\u0107i i kako ih koristimo, vrste kola\u010di\u0107a koje koristimo, tj. podatke koje prikupljamo pomo\u0107u kola\u010di\u0107a i kako se te informacije koriste i kako kontrolirati postavke kola\u010di\u0107a. Ovdje mo\u017eete saznati dodatne informacije o tome kako koristimo, pohranjujemo i \u010duvamo va\u0161e osobne podatke. &hellip;<\/p>\n<p class=\"read-more\"> <a class=\"\" href=\"https:\/\/www.kalprotektin.kbsd.hr\/?page_id=961\"> <span class=\"screen-reader-text\">Pravila privatnosti<\/span> Read More &raquo;<\/a><\/p>\n","protected":false},"author":1,"featured_media":0,"parent":0,"menu_order":0,"comment_status":"closed","ping_status":"closed","template":"elementor_canvas","meta":[],"_links":{"self":[{"href":"https:\/\/www.kalprotektin.kbsd.hr\/index.php?rest_route=\/wp\/v2\/pages\/961"}],"collection":[{"href":"https:\/\/www.kalprotektin.kbsd.hr\/index.php?rest_route=\/wp\/v2\/pages"}],"about":[{"href":"https:\/\/www.kalprotektin.kbsd.hr\/index.php?rest_route=\/wp\/v2\/types\/page"}],"author":[{"embeddable":true,"href":"https:\/\/www.kalprotektin.kbsd.hr\/index.php?rest_route=\/wp\/v2\/users\/1"}],"replies":[{"embeddable":true,"href":"https:\/\/www.kalprotektin.kbsd.hr\/index.php?rest_route=%2Fwp%2Fv2%2Fcomments&post=961"}],"version-history":[{"count":62,"href":"https:\/\/www.kalprotektin.kbsd.hr\/index.php?rest_route=\/wp\/v2\/pages\/961\/revisions"}],"predecessor-version":[{"id":1110,"href":"https:\/\/www.kalprotektin.kbsd.hr\/index.php?rest_route=\/wp\/v2\/pages\/961\/revisions\/1110"}],"wp:attachment":[{"href":"https:\/\/www.kalprotektin.kbsd.hr\/index.php?rest_route=%2Fwp%2Fv2%2Fmedia&parent=961"}],"curies":[{"name":"wp","href":"https:\/\/api.w.org\/{rel}","templated":true}]}}